{"id":1189,"date":"2021-12-23T08:53:53","date_gmt":"2021-12-23T12:53:53","guid":{"rendered":"https:\/\/www.am2i.net\/?page_id=1189"},"modified":"2025-01-14T21:15:36","modified_gmt":"2025-01-15T01:15:36","slug":"mentions-legales-et-cgu","status":"publish","type":"page","link":"https:\/\/www.digilifeservice.fr\/mq\/mentions-legales-et-cgu\/","title":{"rendered":"Mentions L\u00e9gales &#038; CGU"},"content":{"rendered":"<p><div class=\"fusion-fullwidth fullwidth-box fusion-builder-row-1 fusion-flex-container nonhundred-percent-fullwidth non-hundred-percent-height-scrolling\" style=\"--link_color: #212934;--awb-border-sizes-top:0px;--awb-border-sizes-bottom:0px;--awb-border-sizes-left:0px;--awb-border-sizes-right:0px;--awb-border-color:#e2e2e2;--awb-border-radius-top-left:0px;--awb-border-radius-top-right:0px;--awb-border-radius-bottom-right:0px;--awb-border-radius-bottom-left:0px;--awb-padding-top:30px;--awb-padding-right:30px;--awb-padding-bottom:53px;--awb-padding-left:30px;--awb-padding-bottom-medium:24px;--awb-margin-top:0px;--awb-margin-bottom:0px;--awb-background-color:#f9f9fb;--awb-background-image:linear-gradient(177deg, #f0f3f2 80%,#ffffff 80%);--awb-flex-wrap:wrap;\" ><div class=\"fusion-builder-row fusion-row fusion-flex-align-items-stretch fusion-flex-justify-content-center fusion-flex-content-wrap\" style=\"max-width:1248px;margin-left: calc(-4% \/ 2 );margin-right: calc(-4% \/ 2 );\"><div class=\"fusion-layout-column fusion_builder_column fusion-builder-column-0 fusion_builder_column_1_1 1_1 fusion-flex-column\" style=\"--awb-padding-top:20px;--awb-padding-bottom:20px;--awb-bg-size:cover;--awb-width-large:100%;--awb-margin-top-large:20px;--awb-spacing-right-large:4.8%;--awb-margin-bottom-large:64px;--awb-spacing-left-large:3.84%;--awb-width-medium:100%;--awb-order-medium:0;--awb-margin-top-medium:140px;--awb-spacing-right-medium:4.8%;--awb-spacing-left-medium:3.84%;--awb-width-small:100%;--awb-order-small:0;--awb-margin-top-small:20px;--awb-spacing-right-small:1.92%;--awb-margin-bottom-small:0px;--awb-spacing-left-small:1.92%;\"><div class=\"fusion-column-wrapper fusion-column-has-shadow fusion-flex-justify-content-center fusion-content-layout-column\"><div class=\"fusion-title title fusion-title-1 fusion-sep-none fusion-title-text fusion-title-size-one\" style=\"--awb-text-color:#1f2124;--awb-margin-bottom:25px;--awb-margin-bottom-medium:16px;--awb-font-size:70px;\"><h1 class=\"fusion-title-heading title-heading-left\" style=\"font-family:&quot;Inter&quot;;font-style:normal;font-weight:700;margin:0;font-size:1em;letter-spacing:-0.032em;text-transform:none;line-height:78px;\"><p>Mentions L\u00e9gales &amp;<\/p>\n<p>Conditions G\u00e9n\u00e9rales d&#8217;Utilisation<\/p><\/h1><\/div><\/div><\/div><\/div><\/div><div class=\"fusion-fullwidth fullwidth-box fusion-builder-row-2 fusion-flex-container nonhundred-percent-fullwidth non-hundred-percent-height-scrolling\" style=\"--awb-border-radius-top-left:0px;--awb-border-radius-top-right:0px;--awb-border-radius-bottom-right:0px;--awb-border-radius-bottom-left:0px;--awb-flex-wrap:wrap;\" ><div class=\"fusion-builder-row fusion-row fusion-flex-align-items-flex-start fusion-flex-content-wrap\" style=\"max-width:1248px;margin-left: calc(-4% \/ 2 );margin-right: calc(-4% \/ 2 );\"><div class=\"fusion-layout-column fusion_builder_column fusion-builder-column-1 fusion_builder_column_1_1 1_1 fusion-flex-column\" style=\"--awb-bg-size:cover;--awb-width-large:100%;--awb-margin-top-large:0px;--awb-spacing-right-large:1.92%;--awb-margin-bottom-large:20px;--awb-spacing-left-large:1.92%;--awb-width-medium:100%;--awb-order-medium:0;--awb-spacing-right-medium:1.92%;--awb-spacing-left-medium:1.92%;--awb-width-small:100%;--awb-order-small:0;--awb-spacing-right-small:1.92%;--awb-spacing-left-small:1.92%;\"><div class=\"fusion-column-wrapper fusion-column-has-shadow fusion-flex-justify-content-flex-start fusion-content-layout-column\"><div class=\"fusion-title title fusion-title-2 fusion-sep-none fusion-title-text fusion-title-size-one\"><h1 class=\"fusion-title-heading title-heading-left\" style=\"margin:0;\">Mentions L\u00e9gales<\/h1><\/div><div class=\"fusion-text fusion-text-1\" style=\"--awb-text-transform:none;\"><p>Raison sociale : AM2J<\/p>\n<p>Adresse du si\u00e8ge social : Zone de Gros la Jambette\u2013 Immeuble Luc \u00c9lisabeth 97232 Le Lamentin<br \/>\nNum\u00e9ro d\u2019immatriculation au RCS : 498 175 801<br \/>\nForme juridique : Soci\u00e9t\u00e9 \u00e0 Responsabilit\u00e9 Limit\u00e9e au capital de 10 000 \u20ac<br \/>\nN\u00b0 de TVA Intracommunautaire : pas de TVA intracommunautaire pour les DROM-COM<\/p>\n<p>T\u00e9l\u00e9phone : 0596 50 72 92 (appel non surtax\u00e9)<\/p>\n<p>Directeur de la publication : Monsieur Franck Nonnet<br \/>\nResponsable du site : Monsieur Franck Nonnet \u2013 <a href=\"mailto:contactsav@am2i.net\">contactsav@digilifeservice.fr<\/a><\/p>\n<h4>H\u00e9bergement<\/h4>\n<p>Microsoft Azure<br \/>\nUSA Est (Virginie du Nord)<br \/>\nContact :\u00a0<a href=\"https:\/\/support.microforce.biz\/mobile\/eba@infodom.com\">eba@infodom.com<\/a><br \/>\nT\u00e9l: 05 96 50 72 92<br \/>\nFax: 05 96 50 72 31<\/p>\n<\/div><\/div><\/div><div class=\"fusion-layout-column fusion_builder_column fusion-builder-column-2 fusion_builder_column_1_1 1_1 fusion-flex-column\" style=\"--awb-bg-size:cover;--awb-width-large:100%;--awb-margin-top-large:0px;--awb-spacing-right-large:1.92%;--awb-margin-bottom-large:20px;--awb-spacing-left-large:1.92%;--awb-width-medium:100%;--awb-order-medium:0;--awb-spacing-right-medium:1.92%;--awb-spacing-left-medium:1.92%;--awb-width-small:100%;--awb-order-small:0;--awb-spacing-right-small:1.92%;--awb-spacing-left-small:1.92%;\"><div class=\"fusion-column-wrapper fusion-column-has-shadow fusion-flex-justify-content-flex-start fusion-content-layout-column\"><div class=\"fusion-title title fusion-title-3 fusion-sep-none fusion-title-text fusion-title-size-one\"><h1 class=\"fusion-title-heading title-heading-left\" style=\"margin:0;\">Conditions G\u00e9n\u00e9rales d&#8217;Utilisation<\/h1><\/div><div class=\"fusion-text fusion-text-2\" style=\"--awb-text-transform:none;\"><h4>Pr\u00e9ambule<\/h4>\n<p>L\u2019utilisation du site\u00a0<a href=\"https:\/\/www.digilifeservice.fr\">www.digilifeservice.fr<\/a>\u00a0est r\u00e9gie par les pr\u00e9sentes conditions g\u00e9n\u00e9rales d\u2019utilisation (ci-apr\u00e8s \u00ab\u00a0CGU\u00a0\u00bb). En utilisant et en parcourant le Site, l\u2019Utilisateur accepte de se conformer aux pr\u00e9sentes CGU qu\u2019il reconna\u00eet avoir lues et accept\u00e9es.<\/p>\n<h4>D\u00e9finitions<\/h4>\n<p>\u00ab Digilife Service \u00bb d\u00e9signe la soci\u00e9t\u00e9 AM2J SARL, \u00e9diteur du pr\u00e9sent Site et identifi\u00e9e dans les mentions l\u00e9gales.<br \/>\n\u00ab\u00a0Utilisateur\u00a0\u00bb d\u00e9signe toute personne qui utilise le Site.<br \/>\n\u00ab Site \u00bb d\u00e9signe le pr\u00e9sent site internet accessible depuis l\u2019url\u00a0<a href=\"https:\/\/www.digilifeservice.fr\">www.digilifeservice.fr<\/a>.<br \/>\n\u00ab CGU\u00a0\u00bb d\u00e9signe les pr\u00e9sentes Conditions G\u00e9n\u00e9rales d\u2019Utilisation.<\/p>\n<h4>Opposabilit\u00e9 des pr\u00e9sentes CGU<\/h4>\n<p>Les CGU applicables sont celles en vigueur et accessibles sur le Site au moment de la navigation de l\u2019Utilisateur.<br \/>\nCes CGU peuvent faire l\u2019objet de modifications \u00e0 tout moment.<\/p>\n<h4>Droit applicable<\/h4>\n<p>Les pr\u00e9sentes CGU sont r\u00e9gies par le droit fran\u00e7ais.<\/p>\n<h4>Accessibilit\u00e9 du site<\/h4>\n<p>Digilife Service s\u2019engage \u00e0 faire ses meilleurs efforts pour assurer \u00e0 l\u2019Utilisateur une accessibilit\u00e9 du Site \u00e0 tout moment.<br \/>\nIl est pr\u00e9cis\u00e9 qu\u2019\u00e0 des fins de maintenance, de mise \u00e0 jour, et pour toute autre raison notamment d\u2019ordre technique, l\u2019acc\u00e8s au Site pourra \u00eatre interrompu.<br \/>\nDigilife Service ne pourra \u00eatre tenu responsable, en cas d\u2019indisponibilit\u00e9 du Site, pour quelque cause que ce soit.<\/p>\n<h4>Propri\u00e9t\u00e9 intellectuelle \u2013 Acc\u00e8s au site<\/h4>\n<p>L\u2019acc\u00e8s au Site conf\u00e8re \u00e0 l\u2019Utilisateur un droit d\u2019usage priv\u00e9 et non exclusif de ce Site, limit\u00e9 \u00e0 une utilisation personnelle par l\u2019Utilisateur, et ne permet en aucun cas une utilisation commerciale du Site et\/ou de son contenu, prot\u00e9g\u00e9 par le droit d\u2019auteur (structure g\u00e9n\u00e9rale du Site, articles, photographies, textes, illustrations, images et autres \u00e9l\u00e9ments).<br \/>\nLa mise en ligne du Site n\u2019emporte pas licence d\u2019utilisation des marques, logos et autres \u00e9l\u00e9ments pr\u00e9sents sur le Site, une telle utilisation \u00e9tant subordonn\u00e9e au consentement \u00e9crit, pr\u00e9alable et expr\u00e8s du propri\u00e9taire desdites marques, logos et autres \u00e9l\u00e9ments, hormis les exceptions vis\u00e9es \u00e0 l\u2019article L.122.5 du Code de la Propri\u00e9t\u00e9 Intellectuelle, sous peine de constituer un d\u00e9lit de contrefa\u00e7on de droit d\u2019auteur et\/ou de dessins et mod\u00e8les et\/ou de marque, puni de trois ans d\u2019emprisonnement et de 300 000 \u20ac d\u2019amende.<br \/>\nL\u2019Utilisateur n\u2019est pas autoris\u00e9 \u00e0 t\u00e9l\u00e9charger tout ou partie du Site sauf autorisation expresse de Digilife Service.<br \/>\nL\u2019Utilisateur n\u2019est pas autoris\u00e9 \u00e0 extraire ou tenter d\u2019extraire (notamment en utilisant des robots d\u2019aspiration de donn\u00e9es ou tout autre outil similaire de collecte de donn\u00e9es) une partie substantielle des donn\u00e9es de la plateforme.<br \/>\nLa mise en place d\u2019un lien hypertexte vers le site\u00a0<a href=\"https:\/\/www.digilifeservice.fr\">www.digilifeservice.fr<\/a> n\u00e9cessite une autorisation pr\u00e9alable et \u00e9crite de Digilife Service.<\/p>\n<h4>Loi informatique et libert\u00e9s<\/h4>\n<p>Les informations nominatives qui sont demand\u00e9es \u00e0 l\u2019Utilisateur lors de son inscription sont indispensables \u00e0 la r\u00e9alisation de celle-ci. Ces informations sont n\u00e9cessaires pour r\u00e9pondre \u00e0 vos demandes de renseignement, de prise de rendez-vous et vous adresser, le cas \u00e9ch\u00e9ant, une lettre d\u2019information \u00e9lectronique et un SMS. Ces informations sont destin\u00e9es exclusivement \u00e0 la soci\u00e9t\u00e9 Digilife Service, et pourront \u00eatre utilis\u00e9es dans le cadre d\u2019op\u00e9rations marketing ou servir de base \u00e0 des \u00e9tudes et analyses.<br \/>\nL\u2019Utilisateur est tenu de respecter les dispositions de la loi relative \u00e0 l\u2019informatique, aux fichiers et libert\u00e9s, et du r\u00e8glement g\u00e9n\u00e9ral sur la protection des donn\u00e9es (RGPD), dont la violation est passible de sanctions p\u00e9nales.<br \/>\nChaque Utilisateur doit notamment s\u2019abstenir, s\u2019agissant des donn\u00e9es \u00e0 caract\u00e8re personnel auxquelles il acc\u00e8de, de toute collecte, de toute utilisation d\u00e9tourn\u00e9e et, d\u2019une mani\u00e8re g\u00e9n\u00e9rale, de tout acte susceptible de porter atteinte \u00e0 la vie priv\u00e9e ou \u00e0 la r\u00e9putation des personnes.<br \/>\nConform\u00e9ment \u00e0 l\u2019article 34 de la Loi \u201cInformatique et Libert\u00e9s\u201d n\u00b0 78-17 du 6 janvier 1978, l\u2019Utilisateur dispose d\u2019un droit d\u2019acc\u00e8s, de modification, de rectification et de suppression des donn\u00e9es qui le concerne. L\u2019Utilisateur peut l\u2019exercer en adressant un e-mail \u00e0\u00a0<a href=\"mailto:contactsav@digilifeservice.fr\">contactsav@digilifeservice.fr<\/a>, ou en \u00e9crivant \u00e0 l\u2019adresse suivante : Digilife Service \u2013 Zone de Gros la Jambette \u2013 Immeuble Luc \u00c9lisabeth 97232 Le Lamentin<\/p>\n<h4>Informations relatives aux services<\/h4>\n<p>Les informations figurant sur les pages de ce site Internet sont bas\u00e9es sur les services techniques en cours au moment de la mise en ligne ou de la mise \u00e0 jour des diff\u00e9rentes pages du site.<br \/>\nEn tout \u00e9tat de cause, les informations contenues sur ce site sont des informations \u00e0 caract\u00e8re g\u00e9n\u00e9ral et n\u2019ont pas valeur contractuelle<\/p>\n<h4>Nullit\u00e9 partielle<\/h4>\n<p>Si une ou plusieurs stipulations des pr\u00e9sentes CGU sont tenues pour non valides ou d\u00e9clar\u00e9es comme tel en application d\u2019une loi, d\u2019un r\u00e8glement ou d\u2019une d\u00e9cision d\u00e9finitive d\u2019une juridiction comp\u00e9tente, les autres stipulations garderont toute leur force et toute leur port\u00e9e.<\/p>\n<h4>Responsabilit\u00e9<\/h4>\n<p>L\u2019Utilisateur utilise le site\u00a0<a href=\"https:\/\/www.digilifeservice.fr\">www.digilifeservice.fr<\/a> sous sa seule et enti\u00e8re responsabilit\u00e9. Digilife Service ne pourrait \u00eatre tenue pour responsables des dommages directs ou indirects, tels que, notamment, pr\u00e9judice mat\u00e9riel, pertes de donn\u00e9es ou de programme, pr\u00e9judice financier, r\u00e9sultant de l\u2019utilisation de ce site ou de sites qui lui sont li\u00e9s.<br \/>\nL\u2019Utilisateur doit, en cons\u00e9quence, s\u2019assurer que la loi du pays \u00e0 partir duquel il se connecte autorise la consultation du site\u00a0<a href=\"https:\/\/www.digilifeservice.fr\">www.digilifeservice.fr<\/a>.<\/p>\n<\/div><\/div><\/div><\/div><\/div><\/p>\n","protected":false},"excerpt":{"rendered":"","protected":false},"author":2,"featured_media":0,"parent":0,"menu_order":0,"comment_status":"closed","ping_status":"closed","template":"100-width.php","meta":{"footnotes":""},"class_list":["post-1189","page","type-page","status-publish","hentry"],"yoast_head":"<!-- This site is optimized with the Yoast SEO plugin v27.6 - https:\/\/yoast.com\/product\/yoast-seo-wordpress\/ -->\n<title>Mentions L\u00e9gales &amp; CGU - Digilife Service | Centre de Services Agr\u00e9\u00e9 Apple<\/title>\n<meta name=\"robots\" content=\"index, follow, max-snippet:-1, max-image-preview:large, max-video-preview:-1\" \/>\n<link rel=\"canonical\" href=\"https:\/\/www.digilifeservice.fr\/mq\/mentions-legales-et-cgu\/\" \/>\n<meta property=\"og:locale\" content=\"fr_FR\" \/>\n<meta property=\"og:type\" content=\"article\" \/>\n<meta property=\"og:title\" content=\"Mentions L\u00e9gales &amp; CGU - Digilife Service | Centre de Services Agr\u00e9\u00e9 Apple\" \/>\n<meta property=\"og:url\" content=\"https:\/\/www.digilifeservice.fr\/mq\/mentions-legales-et-cgu\/\" \/>\n<meta property=\"og:site_name\" content=\"Digilife Service | Centre de Services Agr\u00e9\u00e9 Apple\" \/>\n<meta property=\"article:modified_time\" content=\"2025-01-15T01:15:36+00:00\" \/>\n<meta name=\"twitter:card\" content=\"summary_large_image\" \/>\n<meta name=\"twitter:label1\" content=\"Est. reading time\" \/>\n\t<meta name=\"twitter:data1\" content=\"5 minutes\" \/>\n<script type=\"application\/ld+json\" class=\"yoast-schema-graph\">{\"@context\":\"https:\\\/\\\/schema.org\",\"@graph\":[{\"@type\":\"WebPage\",\"@id\":\"https:\\\/\\\/www.digilifeservice.fr\\\/mq\\\/mentions-legales-et-cgu\\\/\",\"url\":\"https:\\\/\\\/www.digilifeservice.fr\\\/mq\\\/mentions-legales-et-cgu\\\/\",\"name\":\"Mentions L\u00e9gales & CGU - Digilife Service | Centre de Services Agr\u00e9\u00e9 Apple\",\"isPartOf\":{\"@id\":\"https:\\\/\\\/www.digilifeservice.fr\\\/#website\"},\"datePublished\":\"2021-12-23T12:53:53+00:00\",\"dateModified\":\"2025-01-15T01:15:36+00:00\",\"breadcrumb\":{\"@id\":\"https:\\\/\\\/www.digilifeservice.fr\\\/mq\\\/mentions-legales-et-cgu\\\/#breadcrumb\"},\"inLanguage\":\"fr-MQ\",\"potentialAction\":[{\"@type\":\"ReadAction\",\"target\":[\"https:\\\/\\\/www.digilifeservice.fr\\\/mq\\\/mentions-legales-et-cgu\\\/\"]}]},{\"@type\":\"BreadcrumbList\",\"@id\":\"https:\\\/\\\/www.digilifeservice.fr\\\/mq\\\/mentions-legales-et-cgu\\\/#breadcrumb\",\"itemListElement\":[{\"@type\":\"ListItem\",\"position\":1,\"name\":\"Accueil\",\"item\":\"https:\\\/\\\/www.digilifeservice.fr\\\/mq\\\/\"},{\"@type\":\"ListItem\",\"position\":2,\"name\":\"Mentions L\u00e9gales &#038; CGU\"}]},{\"@type\":\"WebSite\",\"@id\":\"https:\\\/\\\/www.digilifeservice.fr\\\/#website\",\"url\":\"https:\\\/\\\/www.digilifeservice.fr\\\/\",\"name\":\"Digilife Service | Centre de Services Agr\u00e9\u00e9 Apple\",\"description\":\"Digilife Service, votre Centre de Services Apple en Guadeloupe, Martinique et Guyane\",\"publisher\":{\"@id\":\"https:\\\/\\\/www.digilifeservice.fr\\\/#organization\"},\"potentialAction\":[{\"@type\":\"SearchAction\",\"target\":{\"@type\":\"EntryPoint\",\"urlTemplate\":\"https:\\\/\\\/www.digilifeservice.fr\\\/?s={search_term_string}\"},\"query-input\":{\"@type\":\"PropertyValueSpecification\",\"valueRequired\":true,\"valueName\":\"search_term_string\"}}],\"inLanguage\":\"fr-MQ\"},{\"@type\":\"Organization\",\"@id\":\"https:\\\/\\\/www.digilifeservice.fr\\\/#organization\",\"name\":\"AM2i\",\"url\":\"https:\\\/\\\/www.digilifeservice.fr\\\/\",\"logo\":{\"@type\":\"ImageObject\",\"inLanguage\":\"fr-MQ\",\"@id\":\"https:\\\/\\\/www.digilifeservice.fr\\\/#\\\/schema\\\/logo\\\/image\\\/\",\"url\":\"https:\\\/\\\/www.am2i.net\\\/wp-content\\\/uploads\\\/2021\\\/11\\\/LOGO_AM2I-Noir_x1.png\",\"contentUrl\":\"https:\\\/\\\/www.am2i.net\\\/wp-content\\\/uploads\\\/2021\\\/11\\\/LOGO_AM2I-Noir_x1.png\",\"width\":240,\"height\":98,\"caption\":\"AM2i\"},\"image\":{\"@id\":\"https:\\\/\\\/www.digilifeservice.fr\\\/#\\\/schema\\\/logo\\\/image\\\/\"}}]}<\/script>\n<!-- \/ Yoast SEO plugin. -->","yoast_head_json":{"title":"Mentions L\u00e9gales & CGU - Digilife Service | Centre de Services Agr\u00e9\u00e9 Apple","robots":{"index":"index","follow":"follow","max-snippet":"max-snippet:-1","max-image-preview":"max-image-preview:large","max-video-preview":"max-video-preview:-1"},"canonical":"https:\/\/www.digilifeservice.fr\/mq\/mentions-legales-et-cgu\/","og_locale":"fr_FR","og_type":"article","og_title":"Mentions L\u00e9gales & CGU - Digilife Service | Centre de Services Agr\u00e9\u00e9 Apple","og_url":"https:\/\/www.digilifeservice.fr\/mq\/mentions-legales-et-cgu\/","og_site_name":"Digilife Service | Centre de Services Agr\u00e9\u00e9 Apple","article_modified_time":"2025-01-15T01:15:36+00:00","twitter_card":"summary_large_image","twitter_misc":{"Est. reading time":"5 minutes"},"schema":{"@context":"https:\/\/schema.org","@graph":[{"@type":"WebPage","@id":"https:\/\/www.digilifeservice.fr\/mq\/mentions-legales-et-cgu\/","url":"https:\/\/www.digilifeservice.fr\/mq\/mentions-legales-et-cgu\/","name":"Mentions L\u00e9gales & CGU - Digilife Service | Centre de Services Agr\u00e9\u00e9 Apple","isPartOf":{"@id":"https:\/\/www.digilifeservice.fr\/#website"},"datePublished":"2021-12-23T12:53:53+00:00","dateModified":"2025-01-15T01:15:36+00:00","breadcrumb":{"@id":"https:\/\/www.digilifeservice.fr\/mq\/mentions-legales-et-cgu\/#breadcrumb"},"inLanguage":"fr-MQ","potentialAction":[{"@type":"ReadAction","target":["https:\/\/www.digilifeservice.fr\/mq\/mentions-legales-et-cgu\/"]}]},{"@type":"BreadcrumbList","@id":"https:\/\/www.digilifeservice.fr\/mq\/mentions-legales-et-cgu\/#breadcrumb","itemListElement":[{"@type":"ListItem","position":1,"name":"Accueil","item":"https:\/\/www.digilifeservice.fr\/mq\/"},{"@type":"ListItem","position":2,"name":"Mentions L\u00e9gales &#038; CGU"}]},{"@type":"WebSite","@id":"https:\/\/www.digilifeservice.fr\/#website","url":"https:\/\/www.digilifeservice.fr\/","name":"Digilife Service | Centre de Services Agr\u00e9\u00e9 Apple","description":"Digilife Service, votre Centre de Services Apple en Guadeloupe, Martinique et Guyane","publisher":{"@id":"https:\/\/www.digilifeservice.fr\/#organization"},"potentialAction":[{"@type":"SearchAction","target":{"@type":"EntryPoint","urlTemplate":"https:\/\/www.digilifeservice.fr\/?s={search_term_string}"},"query-input":{"@type":"PropertyValueSpecification","valueRequired":true,"valueName":"search_term_string"}}],"inLanguage":"fr-MQ"},{"@type":"Organization","@id":"https:\/\/www.digilifeservice.fr\/#organization","name":"AM2i","url":"https:\/\/www.digilifeservice.fr\/","logo":{"@type":"ImageObject","inLanguage":"fr-MQ","@id":"https:\/\/www.digilifeservice.fr\/#\/schema\/logo\/image\/","url":"https:\/\/www.am2i.net\/wp-content\/uploads\/2021\/11\/LOGO_AM2I-Noir_x1.png","contentUrl":"https:\/\/www.am2i.net\/wp-content\/uploads\/2021\/11\/LOGO_AM2I-Noir_x1.png","width":240,"height":98,"caption":"AM2i"},"image":{"@id":"https:\/\/www.digilifeservice.fr\/#\/schema\/logo\/image\/"}}]}},"_links":{"self":[{"href":"https:\/\/www.digilifeservice.fr\/mq\/wp-json\/wp\/v2\/pages\/1189","targetHints":{"allow":["GET"]}}],"collection":[{"href":"https:\/\/www.digilifeservice.fr\/mq\/wp-json\/wp\/v2\/pages"}],"about":[{"href":"https:\/\/www.digilifeservice.fr\/mq\/wp-json\/wp\/v2\/types\/page"}],"author":[{"embeddable":true,"href":"https:\/\/www.digilifeservice.fr\/mq\/wp-json\/wp\/v2\/users\/2"}],"replies":[{"embeddable":true,"href":"https:\/\/www.digilifeservice.fr\/mq\/wp-json\/wp\/v2\/comments?post=1189"}],"version-history":[{"count":1,"href":"https:\/\/www.digilifeservice.fr\/mq\/wp-json\/wp\/v2\/pages\/1189\/revisions"}],"predecessor-version":[{"id":3200,"href":"https:\/\/www.digilifeservice.fr\/mq\/wp-json\/wp\/v2\/pages\/1189\/revisions\/3200"}],"wp:attachment":[{"href":"https:\/\/www.digilifeservice.fr\/mq\/wp-json\/wp\/v2\/media?parent=1189"}],"curies":[{"name":"wp","href":"https:\/\/api.w.org\/{rel}","templated":true}]}}